{"id":844,"date":"2026-04-22T10:04:44","date_gmt":"2026-04-22T08:04:44","guid":{"rendered":"https:\/\/dev-serveur.fr\/2025\/halpack\/?page_id=844"},"modified":"2026-04-22T10:11:44","modified_gmt":"2026-04-22T08:11:44","slug":"landing-site-en-construction","status":"publish","type":"page","link":"https:\/\/dev-serveur.fr\/2025\/halpack\/","title":{"rendered":"Landing site en construction"},"content":{"rendered":"\t\t<div data-elementor-type=\"wp-page\" data-elementor-id=\"844\" class=\"elementor elementor-844\" data-elementor-post-type=\"page\">\n\t\t\t\t<div class=\"elementor-element elementor-element-af0ff16 e-con-full e-flex e-con e-parent\" data-id=\"af0ff16\" data-element_type=\"container\" data-e-type=\"container\">\n\t\t<div class=\"elementor-element elementor-element-6afc737 e-flex e-con-boxed e-con e-child\" data-id=\"6afc737\" data-element_type=\"container\" data-e-type=\"container\" data-settings=\"{&quot;background_background&quot;:&quot;classic&quot;}\">\n\t\t\t\t\t<div class=\"e-con-inner\">\n\t\t<div class=\"elementor-element elementor-element-77f3a65 e-con-full e-flex elementor-invisible e-con e-child\" data-id=\"77f3a65\" data-element_type=\"container\" data-e-type=\"container\" data-settings=\"{&quot;animation&quot;:&quot;fadeInUp&quot;}\">\n\t\t\t\t<div class=\"elementor-element elementor-element-c919568 elementor-view-default elementor-widget elementor-widget-icon\" data-id=\"c919568\" data-element_type=\"widget\" data-e-type=\"widget\" data-widget_type=\"icon.default\">\n\t\t\t\t\t\t\t<div class=\"elementor-icon-wrapper\">\n\t\t\t<div class=\"elementor-icon\">\n\t\t\t<svg xmlns=\"http:\/\/www.w3.org\/2000\/svg\" width=\"139\" height=\"6\" viewBox=\"0 0 139 6\"><g id=\"Groupe_14\" data-name=\"Groupe 14\" transform=\"translate(12496 12107)\"><rect id=\"Rectangle_10\" data-name=\"Rectangle 10\" width=\"47\" height=\"6\" transform=\"translate(-12450 -12107)\" fill=\"#fff\"><\/rect><rect id=\"Rectangle_12\" data-name=\"Rectangle 12\" width=\"46\" height=\"6\" transform=\"translate(-12403 -12107)\" fill=\"#ef4135\"><\/rect><rect id=\"Rectangle_11\" data-name=\"Rectangle 11\" width=\"46\" height=\"6\" transform=\"translate(-12496 -12107)\" fill=\"#0055a4\"><\/rect><\/g><\/svg>\t\t\t<\/div>\n\t\t<\/div>\n\t\t\t\t\t\t<\/div>\n\t\t\t\t<div class=\"elementor-element elementor-element-15ab6d9 elementor-widget__width-initial elementor-widget-mobile_extra__width-inherit elementor-widget-mobile__width-inherit elementor-widget-tablet__width-inherit elementor-widget elementor-widget-heading\" data-id=\"15ab6d9\" data-element_type=\"widget\" data-e-type=\"widget\" data-widget_type=\"heading.default\">\n\t\t\t\t\t<h2 class=\"elementor-heading-title elementor-size-default\">Site Halpack Industries en construction ...\n<\/h2>\t\t\t\t<\/div>\n\t\t\t\t<div class=\"elementor-element elementor-element-ac0f8f2 elementor-widget__width-initial elementor-widget-mobile__width-inherit elementor-widget elementor-widget-text-editor\" data-id=\"ac0f8f2\" data-element_type=\"widget\" data-e-type=\"widget\" data-widget_type=\"text-editor.default\">\n\t\t\t\t\t\t\t\t\t<p>Soci\u00e9t\u00e9 familiale historique faisant partie du m\u00eame groupe Halstrap Products et proposant des solutions d\u2019emballages pour l\u2019industrie.<\/p><p>Rendez-vous prochainement ! En attendant, vous pouvez nous contacter \u00e0 ce num\u00e9ro : <a href=\"tel:0329396000\">00 33 (0)3 29 39 60 00<\/a><\/p>\t\t\t\t\t\t\t\t<\/div>\n\t\t\t\t<\/div>\n\t\t\t\t\t<\/div>\n\t\t\t\t<\/div>\n\t\t\t\t<\/div>\n\t\t\t\t<\/div>\n\t\t","protected":false},"excerpt":{"rendered":"<p>Site Halpack Industries en construction &#8230; Soci\u00e9t\u00e9 familiale historique faisant partie du m\u00eame groupe Halstrap Products et proposant des solutions d\u2019emballages pour l\u2019industrie. Rendez-vous prochainement ! En attendant, vous pouvez nous contacter \u00e0 ce num\u00e9ro : 00 33 (0)3 29 39 60 00<\/p>\n","protected":false},"author":1,"featured_media":0,"parent":0,"menu_order":0,"comment_status":"closed","ping_status":"closed","template":"elementor_header_footer","meta":{"_acf_changed":false,"footnotes":""},"class_list":["post-844","page","type-page","status-publish","hentry"],"acf":[],"_links":{"self":[{"href":"https:\/\/dev-serveur.fr\/2025\/halpack\/wp-json\/wp\/v2\/pages\/844","targetHints":{"allow":["GET"]}}],"collection":[{"href":"https:\/\/dev-serveur.fr\/2025\/halpack\/wp-json\/wp\/v2\/pages"}],"about":[{"href":"https:\/\/dev-serveur.fr\/2025\/halpack\/wp-json\/wp\/v2\/types\/page"}],"author":[{"embeddable":true,"href":"https:\/\/dev-serveur.fr\/2025\/halpack\/wp-json\/wp\/v2\/users\/1"}],"replies":[{"embeddable":true,"href":"https:\/\/dev-serveur.fr\/2025\/halpack\/wp-json\/wp\/v2\/comments?post=844"}],"version-history":[{"count":8,"href":"https:\/\/dev-serveur.fr\/2025\/halpack\/wp-json\/wp\/v2\/pages\/844\/revisions"}],"predecessor-version":[{"id":854,"href":"https:\/\/dev-serveur.fr\/2025\/halpack\/wp-json\/wp\/v2\/pages\/844\/revisions\/854"}],"wp:attachment":[{"href":"https:\/\/dev-serveur.fr\/2025\/halpack\/wp-json\/wp\/v2\/media?parent=844"}],"curies":[{"name":"wp","href":"https:\/\/api.w.org\/{rel}","templated":true}]}}